{"id":335,"date":"2017-07-03T14:29:39","date_gmt":"2017-07-03T14:29:39","guid":{"rendered":"https:\/\/upperinc.com\/previews\/wp\/raven\/multipage\/?page_id=335"},"modified":"2023-02-20T13:53:28","modified_gmt":"2023-02-20T13:53:28","slug":"home-version-6","status":"publish","type":"page","link":"https:\/\/kilitsan.com\/","title":{"rendered":"Ana Sayfa"},"content":{"rendered":"<section class=\"wpb-content-wrapper\"><p>[vc_row][vc_column width=&#8221;1\/3&#8243;]<div class=\"ult-spacer spacer-69d291f966a0f\" data-id=\"69d291f966a0f\" data-height=\"80\" data-height-mobile=\"40\" data-height-tab=\"\" data-height-tab-portrait=\"\" data-height-mobile-landscape=\"40\" style=\"clear:both;display:block;\"><\/div><div class=\"ult-animation  ult-animate-viewport  ult-no-mobile \" data-animate=\"fadeInDown\" data-animation-delay=\"0\" data-animation-duration=\"0.5\" data-animation-iteration=\"1\" style=\"opacity:0;\" data-opacity_start_effect=\"100\"><div class=\"aio-icon-component    style_1\"><div id=\"Info-box-wrap-8048\" class=\"aio-icon-box left-icon\" style=\"\"  ><div class=\"aio-icon-left\"><div class=\"ult-just-icon-wrapper  \"><div class=\"align-icon\" style=\"text-align:center;\">\n<div class=\"aio-icon advanced \"  style=\"color:__USE_THEME_MAIN_COLOR__;border-style:solid;border-color:__USE_THEME_MAIN_COLOR__;border-width:2px;width:60px;height:60px;line-height:60px;border-radius:5px;font-size:30px;display:inline-block;\">\n\t<i class=\"linearicons-pencil-ruler2\"><\/i>\n<\/div><\/div><\/div><\/div><div class=\"aio-ibd-block\"><div class=\"aio-icon-header\" ><h3 class=\"aio-icon-title ult-responsive\"  data-ultimate-target='#Info-box-wrap-8048 .aio-icon-title'  data-responsive-json-new='{\"font-size\":\"desktop:15px;\",\"line-height\":\"\"}'  style=\"font-family:&#039;Poppins&#039;;font-weight:600;\">Kilitsan Kal\u0131p<\/h3><\/div> <!-- header --><div class=\"aio-icon-description ult-responsive\"  data-ultimate-target='#Info-box-wrap-8048 .aio-icon-description'  data-responsive-json-new='{\"font-size\":\"\",\"line-height\":\"\"}'  style=\"\">Kilitsan Kal\u0131p \u0130malat ve Otomotiv Yedek Par\u00e7a San. ve Tic. Ltd. \u015eti. Kuruldu\u011fu y\u0131ldan bug\u00fcne sekt\u00f6rlerin lider firmalar\u0131 ile i\u015f birli\u011fi yaparak \u00fcretim sanayinde tercih edilen isimlerden olmu\u015ftur.<\/div> <!-- description --><\/div> <!-- aio-ibd-block --><\/div> <!-- aio-icon-box --><\/div> <!-- aio-icon-component --><\/div><div class=\"ult-spacer spacer-69d291f966fea\" data-id=\"69d291f966fea\" data-height=\"60\" data-height-mobile=\"0\" data-height-tab=\"\" data-height-tab-portrait=\"\" data-height-mobile-landscape=\"0\" style=\"clear:both;display:block;\"><\/div>[\/vc_column][vc_column width=&#8221;1\/3&#8243;]<div class=\"ult-spacer spacer-69d291f966ffd\" data-id=\"69d291f966ffd\" data-height=\"80\" data-height-mobile=\"40\" data-height-tab=\"\" data-height-tab-portrait=\"\" data-height-mobile-landscape=\"40\" style=\"clear:both;display:block;\"><\/div><div class=\"ult-animation  ult-animate-viewport  ult-no-mobile \" data-animate=\"fadeInDown\" data-animation-delay=\"0.25\" data-animation-duration=\"0.5\" data-animation-iteration=\"1\" style=\"opacity:0;\" data-opacity_start_effect=\"100\"><div class=\"aio-icon-component    style_1\"><div id=\"Info-box-wrap-4758\" class=\"aio-icon-box left-icon\" style=\"\"  ><div class=\"aio-icon-left\"><div class=\"ult-just-icon-wrapper  \"><div class=\"align-icon\" style=\"text-align:center;\">\n<div class=\"aio-icon advanced \"  style=\"color:__USE_THEME_MAIN_COLOR__;border-style:solid;border-color:__USE_THEME_MAIN_COLOR__;border-width:2px;width:60px;height:60px;line-height:60px;border-radius:5px;font-size:30px;display:inline-block;\">\n\t<i class=\"linearicons-factory2\"><\/i>\n<\/div><\/div><\/div><\/div><div class=\"aio-ibd-block\"><div class=\"aio-icon-header\" ><h3 class=\"aio-icon-title ult-responsive\"  data-ultimate-target='#Info-box-wrap-4758 .aio-icon-title'  data-responsive-json-new='{\"font-size\":\"desktop:15px;\",\"line-height\":\"\"}'  style=\"font-family:&#039;Poppins&#039;;font-weight:600;\">\u00dcretim Kapasitemiz<\/h3><\/div> <!-- header --><div class=\"aio-icon-description ult-responsive\"  data-ultimate-target='#Info-box-wrap-4758 .aio-icon-description'  data-responsive-json-new='{\"font-size\":\"\",\"line-height\":\"\"}'  style=\"\">Firmam\u0131z kuruldu\u011fu g\u00fcnden bug\u00fcne gerek kendi imalat\u0131 makineler gerekse modern makine te\u00e7hizat kapasitesini her ge\u00e7en g\u00fcn yenilemekte ve b\u00fcy\u00fctmektedir.<\/div> <!-- description --><\/div> <!-- aio-ibd-block --><\/div> <!-- aio-icon-box --><\/div> <!-- aio-icon-component --><\/div><div class=\"ult-spacer spacer-69d291f9670df\" data-id=\"69d291f9670df\" data-height=\"60\" data-height-mobile=\"40\" data-height-tab=\"\" data-height-tab-portrait=\"\" data-height-mobile-landscape=\"40\" style=\"clear:both;display:block;\"><\/div>[\/vc_column][vc_column width=&#8221;1\/3&#8243;]<div class=\"ult-spacer spacer-69d291f9670ed\" data-id=\"69d291f9670ed\" data-height=\"80\" data-height-mobile=\"0\" data-height-tab=\"\" data-height-tab-portrait=\"\" data-height-mobile-landscape=\"0\" style=\"clear:both;display:block;\"><\/div><div class=\"ult-animation  ult-animate-viewport  ult-no-mobile \" data-animate=\"fadeInDown\" data-animation-delay=\"0.5\" data-animation-duration=\"0.5\" data-animation-iteration=\"1\" style=\"opacity:0;\" data-opacity_start_effect=\"100\"><div class=\"aio-icon-component    style_1\"><div id=\"Info-box-wrap-2262\" class=\"aio-icon-box left-icon\" style=\"\"  ><div class=\"aio-icon-left\"><div class=\"ult-just-icon-wrapper  \"><div class=\"align-icon\" style=\"text-align:center;\">\n<div class=\"aio-icon advanced \"  style=\"color:__USE_THEME_MAIN_COLOR__;border-style:solid;border-color:__USE_THEME_MAIN_COLOR__;border-width:2px;width:60px;height:60px;line-height:60px;border-radius:5px;font-size:30px;display:inline-block;\">\n\t<i class=\"linearicons-hammer-wrench\"><\/i>\n<\/div><\/div><\/div><\/div><div class=\"aio-ibd-block\"><div class=\"aio-icon-header\" ><h3 class=\"aio-icon-title ult-responsive\"  data-ultimate-target='#Info-box-wrap-2262 .aio-icon-title'  data-responsive-json-new='{\"font-size\":\"desktop:15px;\",\"line-height\":\"\"}'  style=\"font-family:&#039;Poppins&#039;;font-weight:600;\">\u00dcretimde Kilitsan<\/h3><\/div> <!-- header --><div class=\"aio-icon-description ult-responsive\"  data-ultimate-target='#Info-box-wrap-2262 .aio-icon-description'  data-responsive-json-new='{\"font-size\":\"\",\"line-height\":\"\"}'  style=\"\">Firmam\u0131z kendi b\u00fcnyesinde \u00fcretimini yapt\u0131\u011f\u0131 kal\u0131plarla t\u00fcm sekt\u00f6rlere sa\u00e7 par\u00e7a imalat\u0131 yapmaktad\u0131r.<\/div> <!-- description --><\/div> <!-- aio-ibd-block --><\/div> <!-- aio-icon-box --><\/div> <!-- aio-icon-component --><\/div><div class=\"ult-spacer spacer-69d291f9671ae\" data-id=\"69d291f9671ae\" data-height=\"60\" data-height-mobile=\"20\" data-height-tab=\"\" data-height-tab-portrait=\"\" data-height-mobile-landscape=\"20\" style=\"clear:both;display:block;\"><\/div>[\/vc_column][\/vc_row]<\/p>\n<\/section>","protected":false},"excerpt":{"rendered":"<p>[vc_row][vc_column width=&#8221;1\/3&#8243;][\/vc_column][vc_column width=&#8221;1\/3&#8243;][\/vc_column][vc_column width=&#8221;1\/3&#8243;][\/vc_column][\/vc_row]<\/p>\n","protected":false},"author":1,"featured_media":0,"parent":302,"menu_order":0,"comment_status":"closed","ping_status":"closed","template":"template-home.php","meta":{"footnotes":""},"class_list":["post-335","page","type-page","status-publish","hentry"],"_links":{"self":[{"href":"https:\/\/kilitsan.com\/index.php?rest_route=\/wp\/v2\/pages\/335","targetHints":{"allow":["GET"]}}],"collection":[{"href":"https:\/\/kilitsan.com\/index.php?rest_route=\/wp\/v2\/pages"}],"about":[{"href":"https:\/\/kilitsan.com\/index.php?rest_route=\/wp\/v2\/types\/page"}],"author":[{"embeddable":true,"href":"https:\/\/kilitsan.com\/index.php?rest_route=\/wp\/v2\/users\/1"}],"replies":[{"embeddable":true,"href":"https:\/\/kilitsan.com\/index.php?rest_route=%2Fwp%2Fv2%2Fcomments&post=335"}],"version-history":[{"count":5,"href":"https:\/\/kilitsan.com\/index.php?rest_route=\/wp\/v2\/pages\/335\/revisions"}],"predecessor-version":[{"id":11966,"href":"https:\/\/kilitsan.com\/index.php?rest_route=\/wp\/v2\/pages\/335\/revisions\/11966"}],"up":[{"embeddable":true,"href":"https:\/\/kilitsan.com\/index.php?rest_route=\/wp\/v2\/pages\/302"}],"wp:attachment":[{"href":"https:\/\/kilitsan.com\/index.php?rest_route=%2Fwp%2Fv2%2Fmedia&parent=335"}],"curies":[{"name":"wp","href":"https:\/\/api.w.org\/{rel}","templated":true}]}}